{"id":5494,"date":"2012-07-23T17:55:47","date_gmt":"2012-07-23T17:55:47","guid":{"rendered":"https:\/\/diamanfer.com.br\/novo\/?page_id=5494"},"modified":"2020-12-16T09:34:38","modified_gmt":"2020-12-16T12:34:38","slug":"rebolos-copo-metalico","status":"publish","type":"page","link":"https:\/\/diamanfer.com.br\/es\/rebolos-copo-metalico\/","title":{"rendered":"Ruedas de copa de metal"},"content":{"rendered":"<div data-elementor-type=\"wp-page\" data-elementor-id=\"5494\" class=\"elementor elementor-5494\" data-elementor-settings=\"{&quot;ha_cmc_init_switcher&quot;:&quot;no&quot;}\" data-elementor-post-type=\"page\">\n\t\t\t\t\t\t<section class=\"elementor-section elementor-top-section elementor-element elementor-element-6ccd40a7 elementor-section-boxed elementor-section-height-default elementor-section-height-default\" data-id=\"6ccd40a7\" data-element_type=\"section\" data-e-type=\"section\" data-settings=\"{&quot;_ha_eqh_enable&quot;:false}\">\n\t\t\t\t\t\t<div class=\"elementor-container elementor-column-gap-default\">\n\t\t\t\t\t<div class=\"elementor-column elementor-col-100 elementor-top-column elementor-element elementor-element-74c662eb\" data-id=\"74c662eb\" data-element_type=\"column\" data-e-type=\"column\">\n\t\t\t<div class=\"elementor-widget-wrap elementor-element-populated\">\n\t\t\t\t\t\t<div class=\"elementor-element elementor-element-1995cfb elementor-widget elementor-widget-heading\" data-id=\"1995cfb\" data-element_type=\"widget\" data-e-type=\"widget\" data-widget_type=\"heading.default\">\n\t\t\t\t<div class=\"elementor-widget-container\">\n\t\t\t\t\t<h2 class=\"elementor-heading-title elementor-size-default\">Ruedas de copa de metal<\/h2>\t\t\t\t<\/div>\n\t\t\t\t<\/div>\n\t\t\t\t<div class=\"elementor-element elementor-element-dff8a6f elementor-widget-divider--view-line elementor-widget elementor-widget-divider\" data-id=\"dff8a6f\" data-element_type=\"widget\" data-e-type=\"widget\" data-widget_type=\"divider.default\">\n\t\t\t\t<div class=\"elementor-widget-container\">\n\t\t\t\t\t\t\t<div class=\"elementor-divider\">\n\t\t\t<span class=\"elementor-divider-separator\">\n\t\t\t\t\t\t<\/span>\n\t\t<\/div>\n\t\t\t\t\t\t<\/div>\n\t\t\t\t<\/div>\n\t\t\t\t<div class=\"elementor-element elementor-element-15c94a1b elementor-widget elementor-widget-text-editor\" data-id=\"15c94a1b\" data-element_type=\"widget\" data-e-type=\"widget\" data-widget_type=\"text-editor.default\">\n\t\t\t\t<div class=\"elementor-widget-container\">\n\t\t\t\t\t\t\t\t\t<p><img fetchpriority=\"high\" decoding=\"async\" class=\"alignleft size-full wp-image-5457\" title=\"Rebolos Copos Meta\u0301licos\" src=\"https:\/\/diamanfer.com.br\/wp-content\/uploads\/2012\/07\/Rebolos-Copo-Meta\u0301licos.jpg\" alt=\"\" width=\"604\" height=\"392\" \/><\/p><p>Muelas de copa de metal disponibles en los siguientes di\u00e1metros:<br \/>75mm | 100mm | 120mm<br \/>150mm | 175mm<\/p><p>Nota: Configuraci\u00f3n y granulometr\u00eda a definir seg\u00fan modelo de equipo a utilizar.<\/p><p>Para las siguientes marcas de equipos:<br \/>A. Lattuada | Bottero | Cambios | Calas<br \/>Delta | Senvisa | Metral | Makivetro<br \/>Caropreso | Z.Bavelloni | Bystronic<br \/>Zaferani Ada | Use-Mak | Bovone | Intermac<br \/>Lovatti | Crismach | Glassmech | Busetti<br \/>Bimatech | Gieffe | Bando | Schiatti<br \/>Fushan | Metasil | Agmac | Forvet<\/p>\t\t\t\t\t\t\t\t<\/div>\n\t\t\t\t<\/div>\n\t\t\t\t\t<\/div>\n\t\t<\/div>\n\t\t\t\t\t<\/div>\n\t\t<\/section>\n\t\t\t\t<\/div>","protected":false},"excerpt":{"rendered":"<p>Rebolos Copo Met\u00e1lico dispon\u00edveis nos Di\u00e2metros:75mm | 100mm | 120mm150mm | 175mm Obs: Configura\u00e7\u00e3o e granulometria a serem definidas conforme o modelo do equipamento a ser utilizado Para as seguintes marcas de equipamentos:A. Lattuada | Bottero | Cambi | CovesDelta | Senvisa | Metral | MakivetroCaropreso | Z.Bavelloni | BystronicZaferani Ada | Use-Mak | Bovone [&hellip;]<\/p>","protected":false},"author":1,"featured_media":5495,"parent":0,"menu_order":0,"comment_status":"open","ping_status":"closed","template":"","meta":{"footnotes":""},"class_list":["post-5494","page","type-page","status-publish","has-post-thumbnail","hentry"],"_links":{"self":[{"href":"https:\/\/diamanfer.com.br\/es\/wp-json\/wp\/v2\/pages\/5494","targetHints":{"allow":["GET"]}}],"collection":[{"href":"https:\/\/diamanfer.com.br\/es\/wp-json\/wp\/v2\/pages"}],"about":[{"href":"https:\/\/diamanfer.com.br\/es\/wp-json\/wp\/v2\/types\/page"}],"author":[{"embeddable":true,"href":"https:\/\/diamanfer.com.br\/es\/wp-json\/wp\/v2\/users\/1"}],"replies":[{"embeddable":true,"href":"https:\/\/diamanfer.com.br\/es\/wp-json\/wp\/v2\/comments?post=5494"}],"version-history":[{"count":5,"href":"https:\/\/diamanfer.com.br\/es\/wp-json\/wp\/v2\/pages\/5494\/revisions"}],"predecessor-version":[{"id":6340,"href":"https:\/\/diamanfer.com.br\/es\/wp-json\/wp\/v2\/pages\/5494\/revisions\/6340"}],"wp:featuredmedia":[{"embeddable":true,"href":"https:\/\/diamanfer.com.br\/es\/wp-json\/"}],"wp:attachment":[{"href":"https:\/\/diamanfer.com.br\/es\/wp-json\/wp\/v2\/media?parent=5494"}],"curies":[{"name":"wp","href":"https:\/\/api.w.org\/{rel}","templated":true}]}}