{"id":1042,"date":"2011-06-03T12:40:44","date_gmt":"2011-06-03T12:40:44","guid":{"rendered":"http:\/\/themeton.com\/themes\/stk\/?page_id=1042"},"modified":"2026-03-12T16:41:19","modified_gmt":"2026-03-12T19:41:19","slug":"home","status":"publish","type":"page","link":"https:\/\/diamanfer.com.br\/es\/","title":{"rendered":"Diamanfer \u2013 Muelas abrasivas, brocas, avellanadores y herramientas"},"content":{"rendered":"<div data-elementor-type=\"wp-page\" data-elementor-id=\"1042\" class=\"elementor elementor-1042\" data-elementor-settings=\"{&quot;ha_cmc_init_switcher&quot;:&quot;no&quot;}\" data-elementor-post-type=\"page\">\n\t\t\t\t\t\t<section class=\"elementor-section elementor-top-section elementor-element elementor-element-05c6b35 elementor-section-boxed elementor-section-height-default elementor-section-height-default\" data-id=\"05c6b35\" data-element_type=\"section\" data-e-type=\"section\" data-settings=\"{&quot;_ha_eqh_enable&quot;:false}\">\n\t\t\t\t\t\t<div class=\"elementor-container elementor-column-gap-default\">\n\t\t\t\t\t<div class=\"elementor-column elementor-col-100 elementor-top-column elementor-element elementor-element-e553798\" data-id=\"e553798\" data-element_type=\"column\" data-e-type=\"column\">\n\t\t\t<div class=\"elementor-widget-wrap elementor-element-populated\">\n\t\t\t\t\t\t<div class=\"elementor-element elementor-element-b0f7120 elementor-widget elementor-widget-slider_revolution\" data-id=\"b0f7120\" data-element_type=\"widget\" data-e-type=\"widget\" data-widget_type=\"slider_revolution.default\">\n\t\t\t\t<div class=\"elementor-widget-container\">\n\t\t\t\t\t\n\t\t<div class=\"wp-block-themepunch-revslider\">\n\t\t\t<!-- START bannerhome REVOLUTION SLIDER 6.6.20 --><p class=\"rs-p-wp-fix\"><\/p>\n\t\t\t<rs-module-wrap id=\"rev_slider_2_1_wrapper\" data-source=\"gallery\" data-aimg=\"\"  style=\"visibility:hidden;background:#616161;padding:1;margin:0px auto;margin-top:0;margin-bottom:40;max-width:940px;\">\n\t\t\t\t<rs-module id=\"rev_slider_2_1\" style=\"\" data-version=\"6.6.20\">\n\t\t\t\t\t<rs-slides style=\"overflow: hidden; position: absolute;\">\n\t\t\t\t\t\t<rs-slide style=\"position: absolute;\" data-key=\"rs-2\" data-title=\"Slide\" data-anim=\"ms:600;r:0;\" data-in=\"o:0;\" data-out=\"a:false;\">\n\t\t\t\t\t\t\t<img fetchpriority=\"high\" decoding=\"async\" src=\"\/\/diamanfer.com.br\/wp-content\/plugins\/revslider\/public\/assets\/assets\/dummy.png\" alt=\"\" title=\"bg15.jpg\" width=\"960\" height=\"500\" class=\"rev-slidebg tp-rs-img rs-lazyload\" data-lazyload=\"\/\/diamanfer.com.br\/wp-content\/uploads\/revslider\/bannerhome\/bg15.jpg\" data-no-retina>\n<!--\n\t\t\t\t\t\t\t--><rs-layer\n\t\t\t\t\t\t\t\tid=\"slider-2-slide-2-layer-0\" \n\t\t\t\t\t\t\t\tdata-type=\"image\"\n\t\t\t\t\t\t\t\tdata-xy=\"x:328px;y:70px;\"\n\t\t\t\t\t\t\t\tdata-frame_1=\"e:easeOutExpo;st:1200;sR:1200;\"\n\t\t\t\t\t\t\t\tdata-frame_999=\"st:w;sR:7500;auto:true;\"\n\t\t\t\t\t\t\t\tstyle=\"z-index:5;\"\n\t\t\t\t\t\t\t><img decoding=\"async\" src=\"\/\/diamanfer.com.br\/wp-content\/plugins\/revslider\/public\/assets\/assets\/dummy.png\" alt=\"\" class=\"tp-rs-img rs-lazyload\" width=\"300\" height=\"210\" data-lazyload=\"\/\/diamanfer.com.br\/wp-content\/uploads\/revslider\/bannerhome\/rebolos-perifericos1.png\" data-no-retina> \n\t\t\t\t\t\t\t<\/rs-layer><!--\n\n\t\t\t\t\t\t\t--><rs-layer\n\t\t\t\t\t\t\t\tid=\"slider-2-slide-2-layer-1\" \n\t\t\t\t\t\t\t\tdata-type=\"image\"\n\t\t\t\t\t\t\t\tdata-xy=\"x:-10px;y:-4px;\"\n\t\t\t\t\t\t\t\tdata-frame_1=\"e:easeOutExpo;st:600;sR:600;\"\n\t\t\t\t\t\t\t\tdata-frame_999=\"st:w;sR:8100;auto:true;\"\n\t\t\t\t\t\t\t\tstyle=\"z-index:6;\"\n\t\t\t\t\t\t\t><img decoding=\"async\" src=\"\/\/diamanfer.com.br\/wp-content\/plugins\/revslider\/public\/assets\/assets\/dummy.png\" alt=\"\" class=\"tp-rs-img rs-lazyload\" width=\"300\" height=\"210\" data-lazyload=\"\/\/diamanfer.com.br\/wp-content\/uploads\/revslider\/bannerhome\/rebolos-copo-resina1.png\" data-no-retina> \n\t\t\t\t\t\t\t<\/rs-layer><!--\n\n\t\t\t\t\t\t\t--><rs-layer\n\t\t\t\t\t\t\t\tid=\"slider-2-slide-2-layer-2\" \n\t\t\t\t\t\t\t\tdata-type=\"image\"\n\t\t\t\t\t\t\t\tdata-xy=\"x:646px;y:4px;\"\n\t\t\t\t\t\t\t\tdata-frame_1=\"e:easeOutExpo;st:800;sR:800;\"\n\t\t\t\t\t\t\t\tdata-frame_999=\"st:w;sR:7900;auto:true;\"\n\t\t\t\t\t\t\t\tstyle=\"z-index:7;\"\n\t\t\t\t\t\t\t><img loading=\"lazy\" decoding=\"async\" src=\"\/\/diamanfer.com.br\/wp-content\/plugins\/revslider\/public\/assets\/assets\/dummy.png\" alt=\"\" class=\"tp-rs-img rs-lazyload\" width=\"300\" height=\"210\" data-lazyload=\"\/\/diamanfer.com.br\/wp-content\/uploads\/revslider\/bannerhome\/rebolos-copo-metalicos.png\" data-no-retina> \n\t\t\t\t\t\t\t<\/rs-layer><!--\n\n\t\t\t\t\t\t\t--><rs-layer\n\t\t\t\t\t\t\t\tid=\"slider-2-slide-2-layer-3\" \n\t\t\t\t\t\t\t\tdata-type=\"image\"\n\t\t\t\t\t\t\t\tdata-xy=\"x:593px;y:252px;\"\n\t\t\t\t\t\t\t\tdata-frame_1=\"e:easeOutExpo;st:1400;sR:1400;\"\n\t\t\t\t\t\t\t\tdata-frame_999=\"st:w;sR:7300;auto:true;\"\n\t\t\t\t\t\t\t\tstyle=\"z-index:8;\"\n\t\t\t\t\t\t\t><img loading=\"lazy\" decoding=\"async\" src=\"\/\/diamanfer.com.br\/wp-content\/plugins\/revslider\/public\/assets\/assets\/dummy.png\" alt=\"\" class=\"tp-rs-img rs-lazyload\" width=\"300\" height=\"210\" data-lazyload=\"\/\/diamanfer.com.br\/wp-content\/uploads\/revslider\/bannerhome\/ferramentas-diversas1.png\" data-no-retina> \n\t\t\t\t\t\t\t<\/rs-layer><!--\n\n\t\t\t\t\t\t\t--><rs-layer\n\t\t\t\t\t\t\t\tid=\"slider-2-slide-2-layer-4\" \n\t\t\t\t\t\t\t\tdata-type=\"image\"\n\t\t\t\t\t\t\t\tdata-xy=\"x:59px;y:242px;\"\n\t\t\t\t\t\t\t\tdata-frame_1=\"e:easeOutExpo;st:1000;sR:1000;\"\n\t\t\t\t\t\t\t\tdata-frame_999=\"st:w;sR:7700;auto:true;\"\n\t\t\t\t\t\t\t\tstyle=\"z-index:9;\"\n\t\t\t\t\t\t\t><img loading=\"lazy\" decoding=\"async\" src=\"\/\/diamanfer.com.br\/wp-content\/plugins\/revslider\/public\/assets\/assets\/dummy.png\" alt=\"\" class=\"tp-rs-img rs-lazyload\" width=\"300\" height=\"210\" data-lazyload=\"\/\/diamanfer.com.br\/wp-content\/uploads\/revslider\/bannerhome\/brocas-e-escariadores1.png\" data-no-retina> \n\t\t\t\t\t\t\t<\/rs-layer><!--\n\n\t\t\t\t\t\t\t--><rs-layer\n\t\t\t\t\t\t\t\tid=\"slider-2-slide-2-layer-5\" \n\t\t\t\t\t\t\t\tdata-type=\"text\"\n\t\t\t\t\t\t\t\tdata-color=\"#ffffff\"\n\t\t\t\t\t\t\t\tdata-xy=\"x:59px;y:177px;\"\n\t\t\t\t\t\t\t\tdata-frame_1=\"e:easeInBounce;st:700;sR:700;\"\n\t\t\t\t\t\t\t\tdata-frame_999=\"st:w;sR:8000;auto:true;\"\n\t\t\t\t\t\t\t\tstyle=\"z-index:10;font-family:'Roboto';\"\n\t\t\t\t\t\t\t><a href=\"https:\/\/diamanfer.com.br\/es\/rebolos-copo-resina\/\" class='tp-button red small'>Muelas abrasivas de copa de resina<\/a> \n\t\t\t\t\t\t\t<\/rs-layer><!--\n\n\t\t\t\t\t\t\t--><rs-layer\n\t\t\t\t\t\t\t\tid=\"slider-2-slide-2-layer-6\" \n\t\t\t\t\t\t\t\tdata-type=\"text\"\n\t\t\t\t\t\t\t\tdata-color=\"#ffffff\"\n\t\t\t\t\t\t\t\tdata-xy=\"x:401px;y:252px;\"\n\t\t\t\t\t\t\t\tdata-frame_1=\"e:easeOutExpo;st:1300;sR:1300;\"\n\t\t\t\t\t\t\t\tdata-frame_999=\"st:w;sR:7400;auto:true;\"\n\t\t\t\t\t\t\t\tstyle=\"z-index:11;font-family:'Roboto';\"\n\t\t\t\t\t\t\t><a href=\"https:\/\/diamanfer.com.br\/es\/rebolos-perifericos\/\" class='tp-button red small'>Muelas perif\u00e9ricas<\/a> \n\t\t\t\t\t\t\t<\/rs-layer><!--\n\n\t\t\t\t\t\t\t--><rs-layer\n\t\t\t\t\t\t\t\tid=\"slider-2-slide-2-layer-7\" \n\t\t\t\t\t\t\t\tdata-type=\"text\"\n\t\t\t\t\t\t\t\tdata-color=\"#ffffff\"\n\t\t\t\t\t\t\t\tdata-xy=\"x:716px;y:184px;\"\n\t\t\t\t\t\t\t\tdata-frame_1=\"e:easeInBounce;st:900;sR:900;\"\n\t\t\t\t\t\t\t\tdata-frame_999=\"st:w;sR:7800;auto:true;\"\n\t\t\t\t\t\t\t\tstyle=\"z-index:12;font-family:'Roboto';\"\n\t\t\t\t\t\t\t><a href=\"https:\/\/diamanfer.com.br\/es\/rebolos-copo-metalico\/\" class='tp-button red small'>Muelas abrasivas de copa de metal<\/a> \n\t\t\t\t\t\t\t<\/rs-layer><!--\n\n\t\t\t\t\t\t\t--><rs-layer\n\t\t\t\t\t\t\t\tid=\"slider-2-slide-2-layer-8\" \n\t\t\t\t\t\t\t\tdata-type=\"text\"\n\t\t\t\t\t\t\t\tdata-color=\"#ffffff\"\n\t\t\t\t\t\t\t\tdata-xy=\"x:136px;y:422px;\"\n\t\t\t\t\t\t\t\tdata-frame_1=\"e:easeInBounce;st:1100;sR:1100;\"\n\t\t\t\t\t\t\t\tdata-frame_999=\"st:w;sR:7600;auto:true;\"\n\t\t\t\t\t\t\t\tstyle=\"z-index:13;font-family:'Roboto';\"\n\t\t\t\t\t\t\t><a href=\"https:\/\/diamanfer.com.br\/es\/brocas-e-escariadores\/\" class='tp-button red small'>Taladros y escariadores<\/a> \n\t\t\t\t\t\t\t<\/rs-layer><!--\n\n\t\t\t\t\t\t\t--><rs-layer\n\t\t\t\t\t\t\t\tid=\"slider-2-slide-2-layer-9\" \n\t\t\t\t\t\t\t\tdata-type=\"text\"\n\t\t\t\t\t\t\t\tdata-color=\"#ffffff\"\n\t\t\t\t\t\t\t\tdata-rsp_ch=\"on\"\n\t\t\t\t\t\t\t\tdata-xy=\"x:680px;y:429px;\"\n\t\t\t\t\t\t\t\tdata-frame_1=\"e:easeInBounce;st:1500;sR:1500;\"\n\t\t\t\t\t\t\t\tdata-frame_999=\"st:w;sR:7200;auto:true;\"\n\t\t\t\t\t\t\t\tstyle=\"z-index:14;font-family:'Roboto';\"\n\t\t\t\t\t\t\t><a href=\"https:\/\/diamanfer.com.br\/es\/ferramentas-especiais\/\" class='tp-button red small'>Herramientas especiales<\/a> \n\t\t\t\t\t\t\t<\/rs-layer><!--\n-->\t\t\t\t\t\t<\/rs-slide>\n\t\t\t\t\t\t<rs-slide style=\"position: absolute;\" data-key=\"rs-3\" data-title=\"Slide\" data-in=\"prst:rndany;y:-100%;\">\n\t\t\t\t\t\t\t<img fetchpriority=\"high\" decoding=\"async\" src=\"\/\/diamanfer.com.br\/wp-content\/plugins\/revslider\/public\/assets\/assets\/dummy.png\" alt=\"\" title=\"bg15.jpg\" width=\"960\" height=\"500\" class=\"rev-slidebg tp-rs-img rs-lazyload\" data-lazyload=\"\/\/diamanfer.com.br\/wp-content\/uploads\/revslider\/bannerhome\/bg15.jpg\" data-no-retina>\n<!--\n\t\t\t\t\t\t\t--><rs-layer\n\t\t\t\t\t\t\t\tid=\"slider-2-slide-3-layer-10\" \n\t\t\t\t\t\t\t\tdata-type=\"image\"\n\t\t\t\t\t\t\t\tdata-xy=\"x:c;xo:-2px;y:c;yo:-25px;\"\n\t\t\t\t\t\t\t\tdata-frame_1=\"e:easeInOutElastic;st:700;sR:700;\"\n\t\t\t\t\t\t\t\tdata-frame_999=\"st:w;sR:8000;auto:true;\"\n\t\t\t\t\t\t\t\tstyle=\"z-index:13;\"\n\t\t\t\t\t\t\t><img loading=\"lazy\" decoding=\"async\" src=\"\/\/diamanfer.com.br\/wp-content\/plugins\/revslider\/public\/assets\/assets\/dummy.png\" alt=\"\" class=\"tp-rs-img rs-lazyload\" width=\"180\" height=\"180\" data-lazyload=\"\/\/diamanfer.com.br\/wp-content\/uploads\/revslider\/bannerhome\/logotipo_diamanfer-180x180.png\" data-no-retina> \n\t\t\t\t\t\t\t<\/rs-layer><!--\n\n\t\t\t\t\t\t\t--><rs-layer\n\t\t\t\t\t\t\t\tid=\"slider-2-slide-3-layer-11\" \n\t\t\t\t\t\t\t\tdata-type=\"image\"\n\t\t\t\t\t\t\t\tdata-xy=\"x:1px;y:67px;\"\n\t\t\t\t\t\t\t\tdata-frame_1=\"e:easeInOutElastic;st:1100;sR:1100;\"\n\t\t\t\t\t\t\t\tdata-frame_999=\"st:w;sR:7600;auto:true;\"\n\t\t\t\t\t\t\t\tstyle=\"z-index:8;\"\n\t\t\t\t\t\t\t><img loading=\"lazy\" decoding=\"async\" src=\"\/\/diamanfer.com.br\/wp-content\/plugins\/revslider\/public\/assets\/assets\/dummy.png\" alt=\"\" class=\"tp-rs-img rs-lazyload\" width=\"354\" height=\"210\" data-lazyload=\"\/\/diamanfer.com.br\/wp-content\/uploads\/revslider\/bannerhome\/facil.png\" data-no-retina> \n\t\t\t\t\t\t\t<\/rs-layer><!--\n\n\t\t\t\t\t\t\t--><rs-layer\n\t\t\t\t\t\t\t\tid=\"slider-2-slide-3-layer-12\" \n\t\t\t\t\t\t\t\tdata-type=\"image\"\n\t\t\t\t\t\t\t\tdata-xy=\"x:r;xo:56px;y:83px;\"\n\t\t\t\t\t\t\t\tdata-frame_1=\"e:easeInElastic;st:1400;sR:1400;\"\n\t\t\t\t\t\t\t\tdata-frame_999=\"st:w;sR:7300;auto:true;\"\n\t\t\t\t\t\t\t\tstyle=\"z-index:9;\"\n\t\t\t\t\t\t\t><img loading=\"lazy\" decoding=\"async\" src=\"\/\/diamanfer.com.br\/wp-content\/plugins\/revslider\/public\/assets\/assets\/dummy.png\" alt=\"\" class=\"tp-rs-img rs-lazyload\" width=\"354\" height=\"210\" data-lazyload=\"\/\/diamanfer.com.br\/wp-content\/uploads\/revslider\/bannerhome\/maior.png\" data-no-retina> \n\t\t\t\t\t\t\t<\/rs-layer><!--\n\n\t\t\t\t\t\t\t--><rs-layer\n\t\t\t\t\t\t\t\tid=\"slider-2-slide-3-layer-13\" \n\t\t\t\t\t\t\t\tdata-type=\"image\"\n\t\t\t\t\t\t\t\tdata-xy=\"x:r;xo:-1px;y:b;yo:2px;\"\n\t\t\t\t\t\t\t\tdata-frame_1=\"e:easeInElastic;st:2500;sR:2500;\"\n\t\t\t\t\t\t\t\tdata-frame_999=\"st:w;sR:6200;auto:true;\"\n\t\t\t\t\t\t\t\tstyle=\"z-index:10;\"\n\t\t\t\t\t\t\t><img loading=\"lazy\" decoding=\"async\" src=\"\/\/diamanfer.com.br\/wp-content\/plugins\/revslider\/public\/assets\/assets\/dummy.png\" alt=\"\" class=\"tp-rs-img rs-lazyload\" width=\"354\" height=\"210\" data-lazyload=\"\/\/diamanfer.com.br\/wp-content\/uploads\/revslider\/bannerhome\/excelente.png\" data-no-retina> \n\t\t\t\t\t\t\t<\/rs-layer><!--\n\n\t\t\t\t\t\t\t--><rs-layer\n\t\t\t\t\t\t\t\tid=\"slider-2-slide-3-layer-14\" \n\t\t\t\t\t\t\t\tdata-type=\"image\"\n\t\t\t\t\t\t\t\tdata-xy=\"x:10px;y:b;yo:10px;\"\n\t\t\t\t\t\t\t\tdata-frame_1=\"e:easeInElastic;st:1700;sR:1700;\"\n\t\t\t\t\t\t\t\tdata-frame_999=\"st:w;sR:7000;auto:true;\"\n\t\t\t\t\t\t\t\tstyle=\"z-index:11;\"\n\t\t\t\t\t\t\t><img loading=\"lazy\" decoding=\"async\" src=\"\/\/diamanfer.com.br\/wp-content\/plugins\/revslider\/public\/assets\/assets\/dummy.png\" alt=\"\" class=\"tp-rs-img rs-lazyload\" width=\"354\" height=\"210\" data-lazyload=\"\/\/diamanfer.com.br\/wp-content\/uploads\/revslider\/bannerhome\/qualidade.png\" data-no-retina> \n\t\t\t\t\t\t\t<\/rs-layer><!--\n\n\t\t\t\t\t\t\t--><rs-layer\n\t\t\t\t\t\t\t\tid=\"slider-2-slide-3-layer-15\" \n\t\t\t\t\t\t\t\tdata-type=\"image\"\n\t\t\t\t\t\t\t\tdata-xy=\"x:304px;y:277px;\"\n\t\t\t\t\t\t\t\tdata-frame_1=\"e:easeInBounce;st:3000;sp:500;sR:3000;\"\n\t\t\t\t\t\t\t\tdata-frame_999=\"st:w;sR:5500;auto:true;\"\n\t\t\t\t\t\t\t\tstyle=\"z-index:12;\"\n\t\t\t\t\t\t\t><img loading=\"lazy\" decoding=\"async\" src=\"\/\/diamanfer.com.br\/wp-content\/plugins\/revslider\/public\/assets\/assets\/dummy.png\" alt=\"\" class=\"tp-rs-img rs-lazyload\" width=\"354\" height=\"210\" data-lazyload=\"\/\/diamanfer.com.br\/wp-content\/uploads\/revslider\/bannerhome\/cliente.png\" data-no-retina> \n\t\t\t\t\t\t\t<\/rs-layer><!--\n\n\t\t\t\t\t\t\t--><rs-layer\n\t\t\t\t\t\t\t\tid=\"slider-2-slide-3-layer-16\" \n\t\t\t\t\t\t\t\tclass=\"very_big_white\"\n\t\t\t\t\t\t\t\tdata-type=\"text\"\n\t\t\t\t\t\t\t\tdata-color=\"#fff\"\n\t\t\t\t\t\t\t\tdata-xy=\"x:c;y:26px;\"\n\t\t\t\t\t\t\t\tdata-text=\"s:42;l:60;\"\n\t\t\t\t\t\t\t\tdata-padding=\"r:4;l:4;\"\n\t\t\t\t\t\t\t\tdata-frame_1=\"e:easeOutExpo;st:900;sR:900;\"\n\t\t\t\t\t\t\t\tdata-frame_999=\"st:w;sR:7800;auto:true;\"\n\t\t\t\t\t\t\t\tstyle=\"z-index:14;font-family:'Arial';position:absolute;white-space:nowrap;padding-top:1px;\"\n\t\t\t\t\t\t\t>La opci\u00f3n inteligente \n\t\t\t\t\t\t\t<\/rs-layer><!--\n-->\t\t\t\t\t\t<\/rs-slide>\n\t\t\t\t\t\t<rs-slide style=\"position: absolute;\" data-key=\"rs-4\" data-title=\"Slide\" data-anim=\"o:outin;\" data-in=\"prst:rndany;o:0;sx:0.85;sy:0.85;\" data-out=\"x:100%;\">\n\t\t\t\t\t\t\t<img loading=\"lazy\" decoding=\"async\" src=\"\/\/diamanfer.com.br\/wp-content\/plugins\/revslider\/public\/assets\/assets\/dummy.png\" alt=\"\" title=\"banner_diamanfer_1.jpg\" width=\"960\" height=\"500\" class=\"rev-slidebg tp-rs-img rs-lazyload\" data-lazyload=\"\/\/diamanfer.com.br\/wp-content\/uploads\/revslider\/bannerhome\/banner_diamanfer_1.jpg\" data-no-retina>\n<!--\n\t\t\t\t\t\t\t--><rs-layer\n\t\t\t\t\t\t\t\tid=\"slider-2-slide-4-layer-17\" \n\t\t\t\t\t\t\t\tclass=\"very_big_white\"\n\t\t\t\t\t\t\t\tdata-type=\"text\"\n\t\t\t\t\t\t\t\tdata-color=\"#fff\"\n\t\t\t\t\t\t\t\tdata-xy=\"x:27px;y:375px;\"\n\t\t\t\t\t\t\t\tdata-text=\"s:43;l:43;\"\n\t\t\t\t\t\t\t\tdata-padding=\"r:3;l:3;\"\n\t\t\t\t\t\t\t\tdata-frame_1=\"e:easeOutExpo;st:700;sR:700;\"\n\t\t\t\t\t\t\t\tdata-frame_999=\"st:w;sR:8000;auto:true;\"\n\t\t\t\t\t\t\t\tstyle=\"z-index:5;font-family:'Arial', 'Helvetica', 'sans-serif';position:absolute;white-space:nowrap;padding-top:1px;\"\n\t\t\t\t\t\t\t>Quien trabaja bien \n\t\t\t\t\t\t\t<\/rs-layer><!--\n\n\t\t\t\t\t\t\t--><rs-layer\n\t\t\t\t\t\t\t\tid=\"slider-2-slide-4-layer-18\" \n\t\t\t\t\t\t\t\tclass=\"big_white\"\n\t\t\t\t\t\t\t\tdata-type=\"text\"\n\t\t\t\t\t\t\t\tdata-color=\"#ffffff\"\n\t\t\t\t\t\t\t\tdata-xy=\"x:74px;y:417px;\"\n\t\t\t\t\t\t\t\tdata-text=\"s:17;l:26;\"\n\t\t\t\t\t\t\t\tdata-frame_1=\"e:easeOutExpo;st:1000;sR:1000;\"\n\t\t\t\t\t\t\t\tdata-frame_999=\"st:w;sR:7700;auto:true;\"\n\t\t\t\t\t\t\t\tstyle=\"z-index:6;font-family:'Roboto';\"\n\t\t\t\t\t\t\t>Conozca el valor de una herramienta personalizada \n\t\t\t\t\t\t\t<\/rs-layer><!--\n-->\t\t\t\t\t\t<\/rs-slide>\n\t\t\t\t\t\t<rs-slide style=\"position: absolute;\" data-key=\"rs-5\" data-title=\"Slide\" data-anim=\"p:dark;\" data-in=\"prst:rndany;o:0;sx:0.6;sy:0.6;\" data-out=\"o:0;sx:1.6;sy:1.6;\">\n\t\t\t\t\t\t\t<img decoding=\"async\" src=\"\/\/diamanfer.com.br\/wp-content\/plugins\/revslider\/public\/assets\/assets\/dummy.png\" alt=\"Slide\" title=\"Diamanfer &#8211; Rebolos, Brocas, Escariadores e Ferramentas\" class=\"rev-slidebg tp-rs-img rs-lazyload\" data-lazyload=\"\/\/diamanfer.com.br\/wp-content\/plugins\/revslider\/public\/assets\/assets\/transparent.png\" data-no-retina>\n<!--\n\t\t\t\t\t\t\t--><rs-layer\n\t\t\t\t\t\t\t\tid=\"slider-2-slide-5-layer-19\" \n\t\t\t\t\t\t\t\tdata-type=\"image\"\n\t\t\t\t\t\t\t\tdata-xy=\"x:c;y:c;\"\n\t\t\t\t\t\t\t\tdata-frame_1=\"e:easeOutExpo;st:500;sR:500;\"\n\t\t\t\t\t\t\t\tdata-frame_999=\"st:w;sR:8200;auto:true;\"\n\t\t\t\t\t\t\t\tstyle=\"z-index:5;\"\n\t\t\t\t\t\t\t><img loading=\"lazy\" decoding=\"async\" src=\"\/\/diamanfer.com.br\/wp-content\/plugins\/revslider\/public\/assets\/assets\/dummy.png\" alt=\"\" class=\"tp-rs-img rs-lazyload\" width=\"960\" height=\"500\" data-lazyload=\"\/\/diamanfer.com.br\/wp-content\/uploads\/revslider\/bannerhome\/banner1.jpg\" data-no-retina> \n\t\t\t\t\t\t\t<\/rs-layer><!--\n-->\t\t\t\t\t\t<\/rs-slide>\n\t\t\t\t\t<\/rs-slides>\n\t\t\t\t<\/rs-module>\n\t\t\t\t<script>\n\t\t\t\t\tsetREVStartSize({c: 'rev_slider_2_1',rl:[1240,1024,778,480],el:[500],gw:[960],gh:[500],type:'standard',justify:'',layout:'fullwidth',mh:\"0\"});if (window.RS_MODULES!==undefined && window.RS_MODULES.modules!==undefined && window.RS_MODULES.modules[\"revslider21\"]!==undefined) {window.RS_MODULES.modules[\"revslider21\"].once = false;window.revapi2 = undefined;if (window.RS_MODULES.checkMinimal!==undefined) window.RS_MODULES.checkMinimal()}\n\t\t\t\t<\/script>\n\t\t\t<\/rs-module-wrap>\n\t\t\t<!-- END REVOLUTION SLIDER -->\n<\/div>\n\n\t\t\t\t\t\t<\/div>\n\t\t\t\t<\/div>\n\t\t\t\t\t<\/div>\n\t\t<\/div>\n\t\t\t\t\t<\/div>\n\t\t<\/section>\n\t\t\t\t<section class=\"elementor-section elementor-top-section elementor-element elementor-element-7f3cb1d1 elementor-section-boxed elementor-section-height-default elementor-section-height-default\" data-id=\"7f3cb1d1\" data-element_type=\"section\" data-e-type=\"section\" data-settings=\"{&quot;_ha_eqh_enable&quot;:false}\">\n\t\t\t\t\t\t<div class=\"elementor-container elementor-column-gap-default\">\n\t\t\t\t\t<div class=\"elementor-column elementor-col-100 elementor-top-column elementor-element elementor-element-4c464df\" data-id=\"4c464df\" data-element_type=\"column\" data-e-type=\"column\">\n\t\t\t<div class=\"elementor-widget-wrap elementor-element-populated\">\n\t\t\t\t\t\t<div class=\"elementor-element elementor-element-8c8d657 ha-has-bg-overlay elementor-widget elementor-widget-heading\" data-id=\"8c8d657\" data-element_type=\"widget\" data-e-type=\"widget\" data-widget_type=\"heading.default\">\n\t\t\t\t<div class=\"elementor-widget-container\">\n\t\t\t\t\t<h2 class=\"elementor-heading-title elementor-size-default\">Tenemos vidrio en nuestra esencia.\n<\/h2>\t\t\t\t<\/div>\n\t\t\t\t<\/div>\n\t\t\t\t<div class=\"elementor-element elementor-element-f8b3366 ha-has-bg-overlay elementor-widget elementor-widget-text-editor\" data-id=\"f8b3366\" data-element_type=\"widget\" data-e-type=\"widget\" data-widget_type=\"text-editor.default\">\n\t\t\t\t<div class=\"elementor-widget-container\">\n\t\t\t\t\t\t\t\t\t<p>Nuestra complicidad y m\u00e1xima atenci\u00f3n al vidrio es nuestro principal diferenciador. Tenemos el vidrio en nuestro ADN y estamos comprometidos a ayudar a nuestros clientes a lograr el m\u00e1ximo rendimiento de pulido con el mejor costo-beneficio. Tenemos las mejores soluciones para todo tipo de situaciones que se encuentran en un transformador y trabajamos juntos para evolucionar siempre. En caso de duda, pregunte a nuestros clientes.<\/p>\n<p>\n<strong>Diamanfer produce ruedas de copa de resina, ruedas perif\u00e9ricas y ruedas de copa de metal,\ntaladros y avellanadores y herramientas especiales.<\/strong><\/p>\t\t\t\t\t\t\t\t<\/div>\n\t\t\t\t<\/div>\n\t\t\t\t<div class=\"elementor-element elementor-element-cfbf80e elementor-widget elementor-widget-image\" data-id=\"cfbf80e\" data-element_type=\"widget\" data-e-type=\"widget\" data-widget_type=\"image.default\">\n\t\t\t\t<div class=\"elementor-widget-container\">\n\t\t\t\t\t\t\t\t\t\t\t\t\t\t\t<img loading=\"lazy\" decoding=\"async\" width=\"795\" height=\"456\" src=\"https:\/\/diamanfer.com.br\/wp-content\/uploads\/2026\/03\/image-94.webp\" class=\"attachment-large size-large wp-image-6673\" alt=\"Pol\u00edtica de qualidade\" srcset=\"https:\/\/diamanfer.com.br\/wp-content\/uploads\/2026\/03\/image-94.webp 795w, https:\/\/diamanfer.com.br\/wp-content\/uploads\/2026\/03\/image-94-300x172.webp 300w, https:\/\/diamanfer.com.br\/wp-content\/uploads\/2026\/03\/image-94-768x441.webp 768w, https:\/\/diamanfer.com.br\/wp-content\/uploads\/2026\/03\/image-94-18x10.webp 18w\" sizes=\"(max-width: 795px) 100vw, 795px\" \/>\t\t\t\t\t\t\t\t\t\t\t\t\t\t\t<\/div>\n\t\t\t\t<\/div>\n\t\t\t\t\t<\/div>\n\t\t<\/div>\n\t\t\t\t\t<\/div>\n\t\t<\/section>\n\t\t\t\t<\/div>","protected":false},"excerpt":{"rendered":"<p>Temos o vidro em nossa ess\u00eancia Nossa cumplicidade e foco m\u00e1ximo no vidro \u00e9 o nosso principal diferencial. Temos o vidro em nosso DNA e estamos comprometidos com nossos clientes para que obtenham o m\u00e1ximo desempenho na lapida\u00e7\u00e3o pelo melhor custo-benef\u00edcio. Temos as melhores solu\u00e7\u00f5es para todos os tipos de situa\u00e7\u00f5es encontradas em um transformador [&hellip;]<\/p>","protected":false},"author":1,"featured_media":0,"parent":0,"menu_order":3,"comment_status":"closed","ping_status":"closed","template":"","meta":{"footnotes":""},"class_list":["post-1042","page","type-page","status-publish","hentry"],"_links":{"self":[{"href":"https:\/\/diamanfer.com.br\/es\/wp-json\/wp\/v2\/pages\/1042","targetHints":{"allow":["GET"]}}],"collection":[{"href":"https:\/\/diamanfer.com.br\/es\/wp-json\/wp\/v2\/pages"}],"about":[{"href":"https:\/\/diamanfer.com.br\/es\/wp-json\/wp\/v2\/types\/page"}],"author":[{"embeddable":true,"href":"https:\/\/diamanfer.com.br\/es\/wp-json\/wp\/v2\/users\/1"}],"replies":[{"embeddable":true,"href":"https:\/\/diamanfer.com.br\/es\/wp-json\/wp\/v2\/comments?post=1042"}],"version-history":[{"count":30,"href":"https:\/\/diamanfer.com.br\/es\/wp-json\/wp\/v2\/pages\/1042\/revisions"}],"predecessor-version":[{"id":6676,"href":"https:\/\/diamanfer.com.br\/es\/wp-json\/wp\/v2\/pages\/1042\/revisions\/6676"}],"wp:attachment":[{"href":"https:\/\/diamanfer.com.br\/es\/wp-json\/wp\/v2\/media?parent=1042"}],"curies":[{"name":"wp","href":"https:\/\/api.w.org\/{rel}","templated":true}]}}