{"id":5575,"date":"2012-07-23T18:58:55","date_gmt":"2012-07-23T18:58:55","guid":{"rendered":"https:\/\/diamanfer.com.br\/novo\/?page_id=5575"},"modified":"2020-11-16T17:37:51","modified_gmt":"2020-11-16T20:37:51","slug":"perfil-2g","status":"publish","type":"page","link":"https:\/\/diamanfer.com.br\/en\/rebolos-perifericos\/perfil-2g\/","title":{"rendered":"Rebolo Perfif\u00e9rico Perfil 2G"},"content":{"rendered":"<div data-elementor-type=\"wp-page\" data-elementor-id=\"5575\" class=\"elementor elementor-5575\" data-elementor-settings=\"{&quot;ha_cmc_init_switcher&quot;:&quot;no&quot;}\" data-elementor-post-type=\"page\">\n\t\t\t\t\t\t<section class=\"elementor-section elementor-top-section elementor-element elementor-element-6102f6a9 elementor-section-boxed elementor-section-height-default elementor-section-height-default\" data-id=\"6102f6a9\" data-element_type=\"section\" data-e-type=\"section\" data-settings=\"{&quot;_ha_eqh_enable&quot;:false}\">\n\t\t\t\t\t\t<div class=\"elementor-container elementor-column-gap-default\">\n\t\t\t\t\t<div class=\"elementor-column elementor-col-100 elementor-top-column elementor-element elementor-element-61426a90\" data-id=\"61426a90\" data-element_type=\"column\" data-e-type=\"column\">\n\t\t\t<div class=\"elementor-widget-wrap elementor-element-populated\">\n\t\t\t\t\t\t<div class=\"elementor-element elementor-element-1bcc010 elementor-widget elementor-widget-heading\" data-id=\"1bcc010\" data-element_type=\"widget\" data-e-type=\"widget\" data-widget_type=\"heading.default\">\n\t\t\t\t<div class=\"elementor-widget-container\">\n\t\t\t\t\t<h2 class=\"elementor-heading-title elementor-size-default\">Rebolo Perfif\u00e9rico Perfil 2G<\/h2>\t\t\t\t<\/div>\n\t\t\t\t<\/div>\n\t\t\t\t<div class=\"elementor-element elementor-element-5c85541 elementor-widget-divider--view-line elementor-widget elementor-widget-divider\" data-id=\"5c85541\" data-element_type=\"widget\" data-e-type=\"widget\" data-widget_type=\"divider.default\">\n\t\t\t\t<div class=\"elementor-widget-container\">\n\t\t\t\t\t\t\t<div class=\"elementor-divider\">\n\t\t\t<span class=\"elementor-divider-separator\">\n\t\t\t\t\t\t<\/span>\n\t\t<\/div>\n\t\t\t\t\t\t<\/div>\n\t\t\t\t<\/div>\n\t\t\t\t<div class=\"elementor-element elementor-element-5341b19c elementor-widget elementor-widget-text-editor\" data-id=\"5341b19c\" data-element_type=\"widget\" data-e-type=\"widget\" data-widget_type=\"text-editor.default\">\n\t\t\t\t<div class=\"elementor-widget-container\">\n\t\t\t\t\t\t\t\t\t<p><img fetchpriority=\"high\" decoding=\"async\" class=\"alignleft size-full wp-image-5438\" title=\"Rebolo Perfif\u00e9rico - Perfil 2G\" src=\"https:\/\/diamanfer.com.br\/wp-content\/uploads\/2012\/06\/perfil-2g.jpg\" alt=\"Rebolo Perfif\u00e9rico - Perfil 2G\" width=\"604\" height=\"392\" \/><\/p><p>Rebolo Perfif\u00e9rico dispon\u00edvel nos Di\u00e2metros:<br \/>100mm | 120mm<br \/>150mm | 180mm<\/p><p>\u00a0<\/p><p><a class=\"botao\" href=\"https:\/\/diamanfer.com.br\/en\/rebolos-perifericos\/\">Voltar<\/a><\/p>\t\t\t\t\t\t\t\t<\/div>\n\t\t\t\t<\/div>\n\t\t\t\t\t<\/div>\n\t\t<\/div>\n\t\t\t\t\t<\/div>\n\t\t<\/section>\n\t\t\t\t<\/div>","protected":false},"excerpt":{"rendered":"<p>Rebolo Perfif\u00e9rico dispon\u00edvel nos Di\u00e2metros:100mm | 120mm150mm | 180mm \u00a0 Voltar<\/p>","protected":false},"author":1,"featured_media":5438,"parent":5358,"menu_order":0,"comment_status":"open","ping_status":"closed","template":"","meta":{"footnotes":""},"class_list":["post-5575","page","type-page","status-publish","has-post-thumbnail","hentry"],"_links":{"self":[{"href":"https:\/\/diamanfer.com.br\/en\/wp-json\/wp\/v2\/pages\/5575","targetHints":{"allow":["GET"]}}],"collection":[{"href":"https:\/\/diamanfer.com.br\/en\/wp-json\/wp\/v2\/pages"}],"about":[{"href":"https:\/\/diamanfer.com.br\/en\/wp-json\/wp\/v2\/types\/page"}],"author":[{"embeddable":true,"href":"https:\/\/diamanfer.com.br\/en\/wp-json\/wp\/v2\/users\/1"}],"replies":[{"embeddable":true,"href":"https:\/\/diamanfer.com.br\/en\/wp-json\/wp\/v2\/comments?post=5575"}],"version-history":[{"count":2,"href":"https:\/\/diamanfer.com.br\/en\/wp-json\/wp\/v2\/pages\/5575\/revisions"}],"predecessor-version":[{"id":6291,"href":"https:\/\/diamanfer.com.br\/en\/wp-json\/wp\/v2\/pages\/5575\/revisions\/6291"}],"up":[{"embeddable":true,"href":"https:\/\/diamanfer.com.br\/en\/wp-json\/wp\/v2\/pages\/5358"}],"wp:featuredmedia":[{"embeddable":true,"href":"https:\/\/diamanfer.com.br\/en\/wp-json\/"}],"wp:attachment":[{"href":"https:\/\/diamanfer.com.br\/en\/wp-json\/wp\/v2\/media?parent=5575"}],"curies":[{"name":"wp","href":"https:\/\/api.w.org\/{rel}","templated":true}]}}