{"id":5550,"date":"2012-07-23T18:37:05","date_gmt":"2012-07-23T18:37:05","guid":{"rendered":"https:\/\/diamanfer.com.br\/novo\/?page_id=5550"},"modified":"2020-11-16T17:33:18","modified_gmt":"2020-11-16T20:33:18","slug":"perfil-bico-de-aguia","status":"publish","type":"page","link":"https:\/\/diamanfer.com.br\/en\/rebolos-perifericos\/perfil-bico-de-aguia\/","title":{"rendered":"Eagle Beak Profile"},"content":{"rendered":"<div data-elementor-type=\"wp-page\" data-elementor-id=\"5550\" class=\"elementor elementor-5550\" data-elementor-settings=\"{&quot;ha_cmc_init_switcher&quot;:&quot;no&quot;}\" data-elementor-post-type=\"page\">\n\t\t\t\t\t\t<section class=\"elementor-section elementor-top-section elementor-element elementor-element-508eb794 elementor-section-boxed elementor-section-height-default elementor-section-height-default\" data-id=\"508eb794\" data-element_type=\"section\" data-e-type=\"section\" data-settings=\"{&quot;_ha_eqh_enable&quot;:false}\">\n\t\t\t\t\t\t<div class=\"elementor-container elementor-column-gap-default\">\n\t\t\t\t\t<div class=\"elementor-column elementor-col-100 elementor-top-column elementor-element elementor-element-2c0c13f4\" data-id=\"2c0c13f4\" data-element_type=\"column\" data-e-type=\"column\">\n\t\t\t<div class=\"elementor-widget-wrap elementor-element-populated\">\n\t\t\t\t\t\t<div class=\"elementor-element elementor-element-db6a811 elementor-widget elementor-widget-heading\" data-id=\"db6a811\" data-element_type=\"widget\" data-e-type=\"widget\" data-widget_type=\"heading.default\">\n\t\t\t\t<div class=\"elementor-widget-container\">\n\t\t\t\t\t<h2 class=\"elementor-heading-title elementor-size-default\">Eagle Beak Profile<\/h2>\t\t\t\t<\/div>\n\t\t\t\t<\/div>\n\t\t\t\t<div class=\"elementor-element elementor-element-8bf5bad elementor-widget-divider--view-line elementor-widget elementor-widget-divider\" data-id=\"8bf5bad\" data-element_type=\"widget\" data-e-type=\"widget\" data-widget_type=\"divider.default\">\n\t\t\t\t<div class=\"elementor-widget-container\">\n\t\t\t\t\t\t\t<div class=\"elementor-divider\">\n\t\t\t<span class=\"elementor-divider-separator\">\n\t\t\t\t\t\t<\/span>\n\t\t<\/div>\n\t\t\t\t\t\t<\/div>\n\t\t\t\t<\/div>\n\t\t\t\t<div class=\"elementor-element elementor-element-4d15d338 elementor-widget elementor-widget-text-editor\" data-id=\"4d15d338\" data-element_type=\"widget\" data-e-type=\"widget\" data-widget_type=\"text-editor.default\">\n\t\t\t\t<div class=\"elementor-widget-container\">\n\t\t\t\t\t\t\t\t\t<p><img fetchpriority=\"high\" decoding=\"async\" class=\"alignleft size-full wp-image-5551\" title=\"Eagle Beak Profile\" src=\"https:\/\/diamanfer.com.br\/wp-content\/uploads\/2012\/07\/perfil-aguia.jpg\" alt=\"Perfil Bico de \u00c1guia\" width=\"604\" height=\"392\" \/><\/p><p>Perfil Bico de \u00c1guia dispon\u00edvel nos Di\u00e2metros:<br \/>100mm | 120mm | 150mm | 180mm<\/p><p>\u00a0<\/p><p><a class=\"botao\" href=\"https:\/\/diamanfer.com.br\/en\/rebolos-perifericos\/\">Voltar<\/a><\/p>\t\t\t\t\t\t\t\t<\/div>\n\t\t\t\t<\/div>\n\t\t\t\t\t<\/div>\n\t\t<\/div>\n\t\t\t\t\t<\/div>\n\t\t<\/section>\n\t\t\t\t<\/div>","protected":false},"excerpt":{"rendered":"<p>Perfil Bico de \u00c1guia dispon\u00edvel nos Di\u00e2metros:100mm | 120mm | 150mm | 180mm \u00a0 Voltar<\/p>","protected":false},"author":1,"featured_media":5551,"parent":5358,"menu_order":0,"comment_status":"open","ping_status":"closed","template":"","meta":{"footnotes":""},"class_list":["post-5550","page","type-page","status-publish","has-post-thumbnail","hentry"],"_links":{"self":[{"href":"https:\/\/diamanfer.com.br\/en\/wp-json\/wp\/v2\/pages\/5550","targetHints":{"allow":["GET"]}}],"collection":[{"href":"https:\/\/diamanfer.com.br\/en\/wp-json\/wp\/v2\/pages"}],"about":[{"href":"https:\/\/diamanfer.com.br\/en\/wp-json\/wp\/v2\/types\/page"}],"author":[{"embeddable":true,"href":"https:\/\/diamanfer.com.br\/en\/wp-json\/wp\/v2\/users\/1"}],"replies":[{"embeddable":true,"href":"https:\/\/diamanfer.com.br\/en\/wp-json\/wp\/v2\/comments?post=5550"}],"version-history":[{"count":2,"href":"https:\/\/diamanfer.com.br\/en\/wp-json\/wp\/v2\/pages\/5550\/revisions"}],"predecessor-version":[{"id":6285,"href":"https:\/\/diamanfer.com.br\/en\/wp-json\/wp\/v2\/pages\/5550\/revisions\/6285"}],"up":[{"embeddable":true,"href":"https:\/\/diamanfer.com.br\/en\/wp-json\/wp\/v2\/pages\/5358"}],"wp:featuredmedia":[{"embeddable":true,"href":"https:\/\/diamanfer.com.br\/en\/wp-json\/"}],"wp:attachment":[{"href":"https:\/\/diamanfer.com.br\/en\/wp-json\/wp\/v2\/media?parent=5550"}],"curies":[{"name":"wp","href":"https:\/\/api.w.org\/{rel}","templated":true}]}}